{"id":10181,"date":"2024-01-22T02:46:17","date_gmt":"2024-01-22T02:46:17","guid":{"rendered":"https:\/\/fouraat.com\/?page_id=10181"},"modified":"2024-01-22T03:02:42","modified_gmt":"2024-01-22T03:02:42","slug":"auto-draft","status":"publish","type":"page","link":"https:\/\/fouraat.com\/fra\/auto-draft\/","title":{"rendered":"Responsabilit\u00e9 d&#039;\u00e9vacuation"},"content":{"rendered":"<div data-elementor-type=\"wp-page\" data-elementor-id=\"10181\" class=\"elementor elementor-10181\" data-elementor-post-type=\"page\">\n\t\t\t\t\t\t<section class=\"elementor-section elementor-top-section elementor-element elementor-element-1beede99 elementor-section-boxed elementor-section-height-default elementor-section-height-default\" data-id=\"1beede99\" data-element_type=\"section\" data-e-type=\"section\">\n\t\t\t\t\t\t<div class=\"elementor-container elementor-column-gap-default\">\n\t\t\t\t\t<div class=\"elementor-column elementor-col-100 elementor-top-column elementor-element elementor-element-2597d8a2\" data-id=\"2597d8a2\" data-element_type=\"column\" data-e-type=\"column\" data-settings=\"{&quot;background_background&quot;:&quot;classic&quot;}\">\n\t\t\t<div class=\"elementor-widget-wrap elementor-element-populated\">\n\t\t\t\t\t\t<div class=\"elementor-element elementor-element-59308c9 wd-animation-left-flip-y wd-animation-normal wd-animation wd-transform elementor-widget elementor-widget-wd_infobox\" data-id=\"59308c9\" data-element_type=\"widget\" data-e-type=\"widget\" data-widget_type=\"wd_infobox.default\">\n\t\t\t\t<div class=\"elementor-widget-container\">\n\t\t\t\t\t\t\t<div class=\"info-box-wrapper\">\n\t\t\t<div class=\"wd-info-box text-center box-icon-align-top box-style-base color-scheme- with-btn box-btn-static\">\n\t\t\t\t\t\t\t\t\t<div class=\"box-icon-wrapper  box-with-icon box-icon-with-border\">\n\t\t\t\t\t\t<div class=\"info-box-icon\">\n\t\t\t\t\t\t\t\t\t\t\t\t\t\t\t<div class=\"info-svg-wrapper\" style=\"width:90px; height:90px;\"><img decoding=\"async\"  src=\"https:\/\/fouraat.com\/wp-content\/uploads\/2024\/01\/corporate-safe-3.svg\" title=\"entreprise-safe-3.svg\" loading=\"lazy\" width=\"90\" height=\"90\"><\/div>\t\t\t\t\t\t\t\t\t\t\t\t\t<\/div>\n\t\t\t\t\t<\/div>\n\t\t\t\t\n\t\t\t\t<div class=\"info-box-content\">\n\t\t\t\t\t\n\t\t\t\t\t\t\t\t\t\t\t<h4\t\t\t\t\t\tclass=\"info-box-title title box-title-style-default wd-fontsize-m\" data-elementor-setting-key=\"title\">\n\t\t\t\t\t\t\t\tResponsabilit\u00e9 d&#039;\u00e9vacuation\t\t\t\t\t\t<\/h4>\n\t\t\t\t\t\n\t\t\t\t\t<div class=\"info-box-inner reset-last-child\"data-elementor-setting-key=\"content\"><div class=\"main-page-wrapper\">\n<div class=\"container\">\n<div class=\"row content-layout-wrapper align-items-start\">\n<div class=\"site-content col-lg-12 col-12 col-md-12\" role=\"main\">\n<article id=\"post-11747\" class=\"post-11747 page type-page status-publish hentry\">\n<div class=\"entry-content\">\n<div class=\"elementor elementor-11747\" data-elementor-type=\"wp-page\" data-elementor-id=\"11747\">\n<section class=\"wd-negative-gap elementor-section elementor-top-section elementor-element elementor-element-b3bc054 elementor-section-boxed elementor-section-height-default elementor-section-height-default\" data-id=\"b3bc054\" data-element_type=\"section\">\n<div class=\"elementor-container elementor-column-gap-default\">\n<div class=\"elementor-column elementor-col-100 elementor-top-column elementor-element elementor-element-4d9c246\" data-id=\"4d9c246\" data-element_type=\"column\">\n<div class=\"elementor-widget-wrap elementor-element-populated\">\n<div class=\"elementor-element elementor-element-ec2f951 elementor-widget elementor-widget-wd_text_block\" data-id=\"ec2f951\" data-element_type=\"widget\" data-widget_type=\"wd_text_block.default\">\n<div class=\"elementor-widget-container\">\n<div class=\"wd-text-block reset-last-child text-left\">\n<h4>Bien que Fourat s&#039;efforce de fournir des informations pr\u00e9cises sur les produits (telles que la disponibilit\u00e9 des stocks, les prix, les caract\u00e9ristiques des produits, les images et les sp\u00e9cifications) et les informations sur les services, des erreurs typographiques peuvent survenir.<br \/>Les prix sur le site sont en dollars am\u00e9ricains<br \/>Les promotions, mises \u00e0 jour et offres sp\u00e9ciales sont susceptibles d&#039;\u00eatre modifi\u00e9es sans pr\u00e9avis.<br \/>La soci\u00e9t\u00e9 Fourat se r\u00e9serve le droit de mettre sur liste noire tout client et\/ou de rejeter toute commande sans donner de raisons<br \/>Vous ne serez pas tenu responsable de toute fraude par carte de cr\u00e9dit. Il est de votre responsabilit\u00e9 d&#039;utiliser la carte d&#039;une mani\u00e8re qui vous expose \u00e0 la fraude et il est de votre responsabilit\u00e9 de prouver le contraire.<br \/>Nous ne stockons pas les informations de votre carte de cr\u00e9dit sur le site Web. Toutes les informations de paiement saisies via la passerelle de paiement du site sont crypt\u00e9es. Les communications vers et depuis le site Web du fournisseur de services sont crypt\u00e9es<br \/>Les lois des \u00c9tats-Unis s&#039;appliquent \u00e0 toutes les transactions et des proc\u00e9dures sp\u00e9ciales sont mises en \u0153uvre sur notre site<br \/>Les prix et la disponibilit\u00e9 des produits et services mentionn\u00e9s sur le Site sont susceptibles d&#039;\u00eatre modifi\u00e9s sans pr\u00e9avis<br \/>Les couleurs de nos produits qui apparaissent sur le Site seront affich\u00e9es aussi pr\u00e9cis\u00e9ment que possible. Cependant, comme les couleurs r\u00e9elles que vous voyez d\u00e9pendent de votre \u00e9cran, nous ne pouvons pas garantir que votre \u00e9cran affichera une couleur avec pr\u00e9cision.<br \/>Si l&#039;achat n&#039;est pas finalis\u00e9 et que l&#039;article est plac\u00e9 dans le panier, tous les prix mis \u00e0 jour seront appliqu\u00e9s \u00e0 cet article, quel que soit le prix au moment o\u00f9 l&#039;article a \u00e9t\u00e9 conserv\u00e9 dans le panier.<br \/>Forat n&#039;est pas responsable de la mauvaise utilisation des produits vendus sur ce site<br \/>Nous ne sommes ni m\u00e9decins, ni th\u00e9rapeutes, ni sp\u00e9cialistes, mais commer\u00e7ants. Le client doit s&#039;adresser \u00e0 des sp\u00e9cialistes pour obtenir des informations suffisantes sur les produits qui n\u00e9cessitent une consultation sp\u00e9cialis\u00e9e.<br \/>En cas d&#039;\u00e9criture d&#039;une adresse de livraison erron\u00e9e, le client sera responsable des pertes qui en r\u00e9sulteront.<br \/>Toutes nos transactions avec vous se d\u00e9roulent via ce site Web, alors que nous nous effor\u00e7ons de poursuivre le fonctionnement du site Web de la soci\u00e9t\u00e9 Forat, et nous ne garantissons pas la continuit\u00e9 du travail du site Web. Il est possible que des dysfonctionnements se produisent sur le site Web, comme cela se produit sur d&#039;autres sites Web sur Internet. Si vous visitez notre site Web et constatez un dysfonctionnement, veuillez contacter notre \u00e9quipe d&#039;assistance pour le r\u00e9soudre. le probl\u00e8me<br \/>Nous nous r\u00e9servons le droit de modifier quoi que ce soit sur le site Web sans pr\u00e9avis au client.<\/h4>\n<\/div>\n<\/div>\n<\/div>\n<\/div>\n<\/div>\n<\/div>\n<\/section>\n<\/div>\n<\/div>\n<\/article>\n<\/div>\n<\/div>\n<\/div>\n<\/div>\n<\/div>\n\n\t\t\t\t\t\t\t\t\t\t\t<div class=\"info-btn-wrapper\">\n\t\t\t\t\t\t\t\t\t<div class=\"wd-button-wrapper text-center\" >\n\t\t\t<a class=\"btn btn-style-link btn-shape- btn-size-default btn-icon-pos-right\"  href=\"https:\/\/fouraat.com\/help-center\/\" target=\"_blank\">\n\t\t\t\t<span class=\"wd-btn-text\" data-elementor-setting-key=\"text\">\n\t\t\t\t\tAide\t\t\t\t<\/span>\n\n\t\t\t\t\t\t\t<\/a>\n\t\t<\/div>\n\t\t\t\t\t\t\t\t<\/div>\n\t\t\t\t\t\t\t\t\t<\/div>\n\n\t\t\t\t\t\t\t<\/div>\n\t\t<\/div>\n\t\t\t\t\t\t<\/div>\n\t\t\t\t<\/div>\n\t\t\t\t\t<\/div>\n\t\t<\/div>\n\t\t\t\t\t<\/div>\n\t\t<\/section>\n\t\t\t\t<\/div>","protected":false},"excerpt":{"rendered":"<p>Evacuation Responsibilaty While Fourat strives to provide accurate product information (such as stock availability, pricing, product features, images, and specifications)<\/p>","protected":false},"author":1,"featured_media":0,"parent":0,"menu_order":0,"comment_status":"closed","ping_status":"closed","template":"","meta":{"om_disable_all_campaigns":false,"_monsterinsights_skip_tracking":false,"_monsterinsights_sitenote_active":false,"_monsterinsights_sitenote_note":"","_monsterinsights_sitenote_category":0,"footnotes":""},"class_list":["post-10181","page","type-page","status-publish","hentry"],"aioseo_notices":[],"_hostinger_reach_plugin_has_subscription_block":false,"_hostinger_reach_plugin_is_elementor":false,"jetpack_sharing_enabled":true,"_links":{"self":[{"href":"https:\/\/fouraat.com\/fra\/wp-json\/wp\/v2\/pages\/10181","targetHints":{"allow":["GET"]}}],"collection":[{"href":"https:\/\/fouraat.com\/fra\/wp-json\/wp\/v2\/pages"}],"about":[{"href":"https:\/\/fouraat.com\/fra\/wp-json\/wp\/v2\/types\/page"}],"author":[{"embeddable":true,"href":"https:\/\/fouraat.com\/fra\/wp-json\/wp\/v2\/users\/1"}],"replies":[{"embeddable":true,"href":"https:\/\/fouraat.com\/fra\/wp-json\/wp\/v2\/comments?post=10181"}],"version-history":[{"count":5,"href":"https:\/\/fouraat.com\/fra\/wp-json\/wp\/v2\/pages\/10181\/revisions"}],"predecessor-version":[{"id":10191,"href":"https:\/\/fouraat.com\/fra\/wp-json\/wp\/v2\/pages\/10181\/revisions\/10191"}],"wp:attachment":[{"href":"https:\/\/fouraat.com\/fra\/wp-json\/wp\/v2\/media?parent=10181"}],"curies":[{"name":"wp","href":"https:\/\/api.w.org\/{rel}","templated":true}]}}